{"id":4940,"date":"2021-09-28T10:51:09","date_gmt":"2021-09-28T08:50:33","guid":{"rendered":"http:\/\/parfums-uniques.de\/?post_type=product&#038;p=4940"},"modified":"2025-07-19T18:00:42","modified_gmt":"2025-07-19T16:00:42","slug":"les-indemodables-fougere-emeraude-edp","status":"publish","type":"product","link":"https:\/\/www.parfums-uniques.de\/en\/shop\/produkt\/les-indemodables-fougere-emeraude-edp\/","title":{"rendered":"LES IND\u00c9MODABLES <br\/> <strong>Foug\u00e8re Emeraude<\/strong> <br\/> EdP"},"content":{"rendered":"<div>\n<p><span lang=\"EN-US\">Our guidelines set qualitative formulation constraints on our perfumers, specifically requiring them to use significant quantities of the most valuable natural extracts. This ensures a bright, beautiful and refined perfume rendering on the skin, an undoubtedly more subtle and mysteriously facetted signature.<br \/>\n<\/span>Once the fragrance formula has been created, L\u2019atelier fran\u00e7ais des mati\u00e8res takes charge of the entire manufacturing process of the perfume, finishing with the sealing of the bottle. This makes us unique in the intimate world of Haute Parfumerie.<br \/>\nLes Ind\u00e9modables<\/p>\n<\/div>\n","protected":false},"excerpt":{"rendered":"<div class=\"elementor-element elementor-element-e301333 elementor-widget elementor-widget-text-editor\" data-id=\"e301333\" data-element_type=\"widget\" data-widget_type=\"text-editor.default\">\n<div class=\"elementor-widget-container\">\n<div class=\"elementor-text-editor elementor-clearfix\">\n<p><span style=\"color: #ff0000;\">EXCLUSIVE<\/span><br \/>\nAROMATIC FLORAL FOUG\u00c8RE<br \/>\nIndian Tuberose alcoolat 15% ,<br \/>\nFrench (Saint Cristol area) fine Lavender Grand Cru 3%,<br \/>\nMoroccan Mimosa flowers absolute Grand Cru 1%,<br \/>\nVenezuelan Tonka beans absolute 3%<br \/>\nContains Clary Sage oil from the Alps*<\/p>\n<\/div>\n<\/div>\n<\/div>\n<div class=\"elementor-element elementor-element-5d24052 elementor-widget elementor-widget-text-editor\" data-id=\"5d24052\" data-element_type=\"widget\" data-widget_type=\"text-editor.default\">\n<div class=\"elementor-widget-container\">\n<div class=\"elementor-text-editor elementor-clearfix\">\n<p>Maturation** 1 weeks<br \/>\nMaceration** 3 weeks<\/p>\n<\/div>\n<\/div>\n<\/div>\n","protected":false},"featured_media":4937,"comment_status":"closed","ping_status":"closed","template":"","meta":[],"product_brand":[],"product_cat":[208,44],"product_tag":[],"class_list":{"0":"post-4940","1":"product","2":"type-product","3":"status-publish","4":"has-post-thumbnail","6":"product_cat-les-indemodables-en","7":"product_cat-all-perfumes","9":"first","10":"instock","11":"taxable","12":"shipping-taxable","13":"purchasable","14":"product-type-variable"},"yoast_head":"<!-- This site is optimized with the Yoast SEO plugin v27.5 - https:\/\/yoast.com\/product\/yoast-seo-wordpress\/ -->\n<title>LES IND\u00c9MODABLES || Foug\u00e8re Emeraude || EdP - Parfums Uniques<\/title>\n<meta name=\"description\" content=\"Les Ind\u00e9modables. Masterpieces from France. Niche perfumes you won\u2019t find everywhere. Shop different at Parfums Uniques.\" \/>\n<meta name=\"robots\" content=\"index, follow, max-snippet:-1, max-image-preview:large, max-video-preview:-1\" \/>\n<link rel=\"canonical\" href=\"https:\/\/www.parfums-uniques.de\/en\/shop\/produkt\/les-indemodables-fougere-emeraude-edp\/\" \/>\n<meta property=\"og:locale\" content=\"en_US\" \/>\n<meta property=\"og:type\" content=\"article\" \/>\n<meta property=\"og:title\" content=\"LES IND\u00c9MODABLES || Foug\u00e8re Emeraude || EdP - Parfums Uniques\" \/>\n<meta property=\"og:description\" content=\"Les Ind\u00e9modables. Masterpieces from France. Niche perfumes you won\u2019t find everywhere. Shop different at Parfums Uniques.\" \/>\n<meta property=\"og:url\" content=\"https:\/\/www.parfums-uniques.de\/en\/shop\/produkt\/les-indemodables-fougere-emeraude-edp\/\" \/>\n<meta property=\"og:site_name\" content=\"Parfums Uniques\" \/>\n<meta property=\"article:modified_time\" content=\"2025-07-19T16:00:42+00:00\" \/>\n<meta property=\"og:image\" content=\"https:\/\/www.parfums-uniques.de\/wp-content\/uploads\/2021\/09\/Fougere-Emeraud.jpg\" \/>\n\t<meta property=\"og:image:width\" content=\"1134\" \/>\n\t<meta property=\"og:image:height\" content=\"1512\" \/>\n\t<meta property=\"og:image:type\" content=\"image\/jpeg\" \/>\n<meta name=\"twitter:card\" content=\"summary_large_image\" \/>\n<meta name=\"twitter:label1\" content=\"Est. reading time\" \/>\n\t<meta name=\"twitter:data1\" content=\"1 minute\" \/>\n<script type=\"application\/ld+json\" class=\"yoast-schema-graph\">{\"@context\":\"https:\\\/\\\/schema.org\",\"@graph\":[{\"@type\":\"WebPage\",\"@id\":\"https:\\\/\\\/www.parfums-uniques.de\\\/en\\\/shop\\\/produkt\\\/les-indemodables-fougere-emeraude-edp\\\/\",\"url\":\"https:\\\/\\\/www.parfums-uniques.de\\\/en\\\/shop\\\/produkt\\\/les-indemodables-fougere-emeraude-edp\\\/\",\"name\":\"LES IND\u00c9MODABLES || Foug\u00e8re Emeraude || EdP - Parfums Uniques\",\"isPartOf\":{\"@id\":\"https:\\\/\\\/www.parfums-uniques.de\\\/en\\\/#website\"},\"primaryImageOfPage\":{\"@id\":\"https:\\\/\\\/www.parfums-uniques.de\\\/en\\\/shop\\\/produkt\\\/les-indemodables-fougere-emeraude-edp\\\/#primaryimage\"},\"image\":{\"@id\":\"https:\\\/\\\/www.parfums-uniques.de\\\/en\\\/shop\\\/produkt\\\/les-indemodables-fougere-emeraude-edp\\\/#primaryimage\"},\"thumbnailUrl\":\"https:\\\/\\\/www.parfums-uniques.de\\\/wp-content\\\/uploads\\\/2021\\\/09\\\/Fougere-Emeraud.jpg\",\"datePublished\":\"2021-09-28T08:50:33+00:00\",\"dateModified\":\"2025-07-19T16:00:42+00:00\",\"description\":\"Les Ind\u00e9modables. Masterpieces from France. Niche perfumes you won\u2019t find everywhere. Shop different at Parfums Uniques.\",\"breadcrumb\":{\"@id\":\"https:\\\/\\\/www.parfums-uniques.de\\\/en\\\/shop\\\/produkt\\\/les-indemodables-fougere-emeraude-edp\\\/#breadcrumb\"},\"inLanguage\":\"en-US\",\"potentialAction\":[{\"@type\":\"ReadAction\",\"target\":[\"https:\\\/\\\/www.parfums-uniques.de\\\/en\\\/shop\\\/produkt\\\/les-indemodables-fougere-emeraude-edp\\\/\"]}]},{\"@type\":\"ImageObject\",\"inLanguage\":\"en-US\",\"@id\":\"https:\\\/\\\/www.parfums-uniques.de\\\/en\\\/shop\\\/produkt\\\/les-indemodables-fougere-emeraude-edp\\\/#primaryimage\",\"url\":\"https:\\\/\\\/www.parfums-uniques.de\\\/wp-content\\\/uploads\\\/2021\\\/09\\\/Fougere-Emeraud.jpg\",\"contentUrl\":\"https:\\\/\\\/www.parfums-uniques.de\\\/wp-content\\\/uploads\\\/2021\\\/09\\\/Fougere-Emeraud.jpg\",\"width\":1134,\"height\":1512},{\"@type\":\"BreadcrumbList\",\"@id\":\"https:\\\/\\\/www.parfums-uniques.de\\\/en\\\/shop\\\/produkt\\\/les-indemodables-fougere-emeraude-edp\\\/#breadcrumb\",\"itemListElement\":[{\"@type\":\"ListItem\",\"position\":1,\"name\":\"Home\",\"item\":\"https:\\\/\\\/www.parfums-uniques.de\\\/en\\\/\"},{\"@type\":\"ListItem\",\"position\":2,\"name\":\"Shop-WC-HOME\",\"item\":\"https:\\\/\\\/www.parfums-uniques.de\\\/shop-wc-home\\\/\"},{\"@type\":\"ListItem\",\"position\":3,\"name\":\"LES IND\u00c9MODABLES Foug\u00e8re Emeraude EdP\"}]},{\"@type\":\"WebSite\",\"@id\":\"https:\\\/\\\/www.parfums-uniques.de\\\/en\\\/#website\",\"url\":\"https:\\\/\\\/www.parfums-uniques.de\\\/en\\\/\",\"name\":\"Parfums Uniques\",\"description\":\"Dont&#039;t smell mainstream\",\"potentialAction\":[{\"@type\":\"SearchAction\",\"target\":{\"@type\":\"EntryPoint\",\"urlTemplate\":\"https:\\\/\\\/www.parfums-uniques.de\\\/en\\\/?s={search_term_string}\"},\"query-input\":{\"@type\":\"PropertyValueSpecification\",\"valueRequired\":true,\"valueName\":\"search_term_string\"}}],\"inLanguage\":\"en-US\"}]}<\/script>\n<!-- \/ Yoast SEO plugin. -->","yoast_head_json":{"title":"LES IND\u00c9MODABLES || Foug\u00e8re Emeraude || EdP - Parfums Uniques","description":"Les Ind\u00e9modables. Masterpieces from France. Niche perfumes you won\u2019t find everywhere. Shop different at Parfums Uniques.","robots":{"index":"index","follow":"follow","max-snippet":"max-snippet:-1","max-image-preview":"max-image-preview:large","max-video-preview":"max-video-preview:-1"},"canonical":"https:\/\/www.parfums-uniques.de\/en\/shop\/produkt\/les-indemodables-fougere-emeraude-edp\/","og_locale":"en_US","og_type":"article","og_title":"LES IND\u00c9MODABLES || Foug\u00e8re Emeraude || EdP - Parfums Uniques","og_description":"Les Ind\u00e9modables. Masterpieces from France. Niche perfumes you won\u2019t find everywhere. Shop different at Parfums Uniques.","og_url":"https:\/\/www.parfums-uniques.de\/en\/shop\/produkt\/les-indemodables-fougere-emeraude-edp\/","og_site_name":"Parfums Uniques","article_modified_time":"2025-07-19T16:00:42+00:00","og_image":[{"width":1134,"height":1512,"url":"https:\/\/www.parfums-uniques.de\/wp-content\/uploads\/2021\/09\/Fougere-Emeraud.jpg","type":"image\/jpeg"}],"twitter_card":"summary_large_image","twitter_misc":{"Est. reading time":"1 minute"},"schema":{"@context":"https:\/\/schema.org","@graph":[{"@type":"WebPage","@id":"https:\/\/www.parfums-uniques.de\/en\/shop\/produkt\/les-indemodables-fougere-emeraude-edp\/","url":"https:\/\/www.parfums-uniques.de\/en\/shop\/produkt\/les-indemodables-fougere-emeraude-edp\/","name":"LES IND\u00c9MODABLES || Foug\u00e8re Emeraude || EdP - Parfums Uniques","isPartOf":{"@id":"https:\/\/www.parfums-uniques.de\/en\/#website"},"primaryImageOfPage":{"@id":"https:\/\/www.parfums-uniques.de\/en\/shop\/produkt\/les-indemodables-fougere-emeraude-edp\/#primaryimage"},"image":{"@id":"https:\/\/www.parfums-uniques.de\/en\/shop\/produkt\/les-indemodables-fougere-emeraude-edp\/#primaryimage"},"thumbnailUrl":"https:\/\/www.parfums-uniques.de\/wp-content\/uploads\/2021\/09\/Fougere-Emeraud.jpg","datePublished":"2021-09-28T08:50:33+00:00","dateModified":"2025-07-19T16:00:42+00:00","description":"Les Ind\u00e9modables. Masterpieces from France. Niche perfumes you won\u2019t find everywhere. Shop different at Parfums Uniques.","breadcrumb":{"@id":"https:\/\/www.parfums-uniques.de\/en\/shop\/produkt\/les-indemodables-fougere-emeraude-edp\/#breadcrumb"},"inLanguage":"en-US","potentialAction":[{"@type":"ReadAction","target":["https:\/\/www.parfums-uniques.de\/en\/shop\/produkt\/les-indemodables-fougere-emeraude-edp\/"]}]},{"@type":"ImageObject","inLanguage":"en-US","@id":"https:\/\/www.parfums-uniques.de\/en\/shop\/produkt\/les-indemodables-fougere-emeraude-edp\/#primaryimage","url":"https:\/\/www.parfums-uniques.de\/wp-content\/uploads\/2021\/09\/Fougere-Emeraud.jpg","contentUrl":"https:\/\/www.parfums-uniques.de\/wp-content\/uploads\/2021\/09\/Fougere-Emeraud.jpg","width":1134,"height":1512},{"@type":"BreadcrumbList","@id":"https:\/\/www.parfums-uniques.de\/en\/shop\/produkt\/les-indemodables-fougere-emeraude-edp\/#breadcrumb","itemListElement":[{"@type":"ListItem","position":1,"name":"Home","item":"https:\/\/www.parfums-uniques.de\/en\/"},{"@type":"ListItem","position":2,"name":"Shop-WC-HOME","item":"https:\/\/www.parfums-uniques.de\/shop-wc-home\/"},{"@type":"ListItem","position":3,"name":"LES IND\u00c9MODABLES Foug\u00e8re Emeraude EdP"}]},{"@type":"WebSite","@id":"https:\/\/www.parfums-uniques.de\/en\/#website","url":"https:\/\/www.parfums-uniques.de\/en\/","name":"Parfums Uniques","description":"Dont&#039;t smell mainstream","potentialAction":[{"@type":"SearchAction","target":{"@type":"EntryPoint","urlTemplate":"https:\/\/www.parfums-uniques.de\/en\/?s={search_term_string}"},"query-input":{"@type":"PropertyValueSpecification","valueRequired":true,"valueName":"search_term_string"}}],"inLanguage":"en-US"}]}},"_links":{"self":[{"href":"https:\/\/www.parfums-uniques.de\/en\/wp-json\/wp\/v2\/product\/4940","targetHints":{"allow":["GET"]}}],"collection":[{"href":"https:\/\/www.parfums-uniques.de\/en\/wp-json\/wp\/v2\/product"}],"about":[{"href":"https:\/\/www.parfums-uniques.de\/en\/wp-json\/wp\/v2\/types\/product"}],"replies":[{"embeddable":true,"href":"https:\/\/www.parfums-uniques.de\/en\/wp-json\/wp\/v2\/comments?post=4940"}],"wp:featuredmedia":[{"embeddable":true,"href":"https:\/\/www.parfums-uniques.de\/en\/wp-json\/wp\/v2\/media\/4937"}],"wp:attachment":[{"href":"https:\/\/www.parfums-uniques.de\/en\/wp-json\/wp\/v2\/media?parent=4940"}],"wp:term":[{"taxonomy":"product_brand","embeddable":true,"href":"https:\/\/www.parfums-uniques.de\/en\/wp-json\/wp\/v2\/product_brand?post=4940"},{"taxonomy":"product_cat","embeddable":true,"href":"https:\/\/www.parfums-uniques.de\/en\/wp-json\/wp\/v2\/product_cat?post=4940"},{"taxonomy":"product_tag","embeddable":true,"href":"https:\/\/www.parfums-uniques.de\/en\/wp-json\/wp\/v2\/product_tag?post=4940"}],"curies":[{"name":"wp","href":"https:\/\/api.w.org\/{rel}","templated":true}]}}