{"id":5935,"date":"2022-12-01T16:23:24","date_gmt":"2022-12-01T15:23:54","guid":{"rendered":"http:\/\/parfums-uniques.de\/?post_type=product&#038;p=5935"},"modified":"2025-10-16T12:13:54","modified_gmt":"2025-10-16T10:13:54","slug":"stora-skuggan-azalai-edp","status":"publish","type":"product","link":"https:\/\/www.parfums-uniques.de\/en\/shop\/produkt\/stora-skuggan-azalai-edp\/","title":{"rendered":"STORA SKUGGAN <br\/> <strong>Azalai<\/strong> <br\/> EdP"},"content":{"rendered":"<p>The Azalai is a caravan route through the T\u00e9n\u00e9r\u00e9 region of the Saharan desert where camel trains have transported salt and gold for a thousand years. Along the route stood one single acacia tree, the only living thing in an ocean of sand. This was the most isolated tree in the world, 150 km from any other.<\/p>\n<p>The scent is as an olfactory impression of gold, with radiant warmth from saffron and blood orange, and the glossy, luxurious musk velvione (a material that has been described as pressing the nose to the skin of a newborn\u2019s scalp). Gum acacia, a syrup made from acacia sap, provides sugary sweetness balanced by salty amber and incense. A touch of mint tea and dried fruit pays homage to the Tuareg caravan riders.<\/p>\n","protected":false},"excerpt":{"rendered":"<p><em>Top Notes:<\/em> Blood Orange, Mint<br \/>\n<em>Heart Notes<\/em>: Saffron, Dried fruit<br \/>\n<em>Base Notes:<\/em> Amber, Incense, Gum Acacia, Velvione<\/p>\n","protected":false},"featured_media":5932,"comment_status":"closed","ping_status":"closed","template":"","meta":[],"product_brand":[],"product_cat":[44,121],"product_tag":[],"class_list":{"0":"post-5935","1":"product","2":"type-product","3":"status-publish","4":"has-post-thumbnail","6":"product_cat-all-perfumes","7":"product_cat-stora-skuggan-en","9":"first","10":"instock","11":"taxable","12":"shipping-taxable","13":"purchasable","14":"product-type-variable"},"yoast_head":"<!-- This site is optimized with the Yoast SEO plugin v27.5 - https:\/\/yoast.com\/product\/yoast-seo-wordpress\/ -->\n<title>STORA SKUGGAN || Azalai || EdP - Parfums Uniques<\/title>\n<meta name=\"description\" content=\"Perfumers\u2019 creations tell stories. The name, the bottle, often hand-painted in small manufactories. Shop different at Parfums Uniques.\" \/>\n<meta name=\"robots\" content=\"index, follow, max-snippet:-1, max-image-preview:large, max-video-preview:-1\" \/>\n<link rel=\"canonical\" href=\"https:\/\/www.parfums-uniques.de\/en\/shop\/produkt\/stora-skuggan-azalai-edp\/\" \/>\n<meta property=\"og:locale\" content=\"en_US\" \/>\n<meta property=\"og:type\" content=\"article\" \/>\n<meta property=\"og:title\" content=\"STORA SKUGGAN || Azalai || EdP - Parfums Uniques\" \/>\n<meta property=\"og:description\" content=\"Perfumers\u2019 creations tell stories. The name, the bottle, often hand-painted in small manufactories. Shop different at Parfums Uniques.\" \/>\n<meta property=\"og:url\" content=\"https:\/\/www.parfums-uniques.de\/en\/shop\/produkt\/stora-skuggan-azalai-edp\/\" \/>\n<meta property=\"og:site_name\" content=\"Parfums Uniques\" \/>\n<meta property=\"article:modified_time\" content=\"2025-10-16T10:13:54+00:00\" \/>\n<meta property=\"og:image\" content=\"https:\/\/www.parfums-uniques.de\/wp-content\/uploads\/2022\/12\/Azalai_4978.jpg\" \/>\n\t<meta property=\"og:image:width\" content=\"1020\" \/>\n\t<meta property=\"og:image:height\" content=\"1361\" \/>\n\t<meta property=\"og:image:type\" content=\"image\/jpeg\" \/>\n<meta name=\"twitter:card\" content=\"summary_large_image\" \/>\n<meta name=\"twitter:label1\" content=\"Est. reading time\" \/>\n\t<meta name=\"twitter:data1\" content=\"1 minute\" \/>\n<script type=\"application\/ld+json\" class=\"yoast-schema-graph\">{\"@context\":\"https:\\\/\\\/schema.org\",\"@graph\":[{\"@type\":\"WebPage\",\"@id\":\"https:\\\/\\\/www.parfums-uniques.de\\\/en\\\/shop\\\/produkt\\\/stora-skuggan-azalai-edp\\\/\",\"url\":\"https:\\\/\\\/www.parfums-uniques.de\\\/en\\\/shop\\\/produkt\\\/stora-skuggan-azalai-edp\\\/\",\"name\":\"STORA SKUGGAN || Azalai || EdP - Parfums Uniques\",\"isPartOf\":{\"@id\":\"https:\\\/\\\/www.parfums-uniques.de\\\/en\\\/#website\"},\"primaryImageOfPage\":{\"@id\":\"https:\\\/\\\/www.parfums-uniques.de\\\/en\\\/shop\\\/produkt\\\/stora-skuggan-azalai-edp\\\/#primaryimage\"},\"image\":{\"@id\":\"https:\\\/\\\/www.parfums-uniques.de\\\/en\\\/shop\\\/produkt\\\/stora-skuggan-azalai-edp\\\/#primaryimage\"},\"thumbnailUrl\":\"https:\\\/\\\/www.parfums-uniques.de\\\/wp-content\\\/uploads\\\/2022\\\/12\\\/Azalai_4978.jpg\",\"datePublished\":\"2022-12-01T15:23:54+00:00\",\"dateModified\":\"2025-10-16T10:13:54+00:00\",\"description\":\"Perfumers\u2019 creations tell stories. The name, the bottle, often hand-painted in small manufactories. Shop different at Parfums Uniques.\",\"breadcrumb\":{\"@id\":\"https:\\\/\\\/www.parfums-uniques.de\\\/en\\\/shop\\\/produkt\\\/stora-skuggan-azalai-edp\\\/#breadcrumb\"},\"inLanguage\":\"en-US\",\"potentialAction\":[{\"@type\":\"ReadAction\",\"target\":[\"https:\\\/\\\/www.parfums-uniques.de\\\/en\\\/shop\\\/produkt\\\/stora-skuggan-azalai-edp\\\/\"]}]},{\"@type\":\"ImageObject\",\"inLanguage\":\"en-US\",\"@id\":\"https:\\\/\\\/www.parfums-uniques.de\\\/en\\\/shop\\\/produkt\\\/stora-skuggan-azalai-edp\\\/#primaryimage\",\"url\":\"https:\\\/\\\/www.parfums-uniques.de\\\/wp-content\\\/uploads\\\/2022\\\/12\\\/Azalai_4978.jpg\",\"contentUrl\":\"https:\\\/\\\/www.parfums-uniques.de\\\/wp-content\\\/uploads\\\/2022\\\/12\\\/Azalai_4978.jpg\",\"width\":1020,\"height\":1361},{\"@type\":\"BreadcrumbList\",\"@id\":\"https:\\\/\\\/www.parfums-uniques.de\\\/en\\\/shop\\\/produkt\\\/stora-skuggan-azalai-edp\\\/#breadcrumb\",\"itemListElement\":[{\"@type\":\"ListItem\",\"position\":1,\"name\":\"Home\",\"item\":\"https:\\\/\\\/www.parfums-uniques.de\\\/en\\\/\"},{\"@type\":\"ListItem\",\"position\":2,\"name\":\"Shop-WC-HOME\",\"item\":\"https:\\\/\\\/www.parfums-uniques.de\\\/shop-wc-home\\\/\"},{\"@type\":\"ListItem\",\"position\":3,\"name\":\"STORA SKUGGAN Azalai EdP\"}]},{\"@type\":\"WebSite\",\"@id\":\"https:\\\/\\\/www.parfums-uniques.de\\\/en\\\/#website\",\"url\":\"https:\\\/\\\/www.parfums-uniques.de\\\/en\\\/\",\"name\":\"Parfums Uniques\",\"description\":\"Dont&#039;t smell mainstream\",\"potentialAction\":[{\"@type\":\"SearchAction\",\"target\":{\"@type\":\"EntryPoint\",\"urlTemplate\":\"https:\\\/\\\/www.parfums-uniques.de\\\/en\\\/?s={search_term_string}\"},\"query-input\":{\"@type\":\"PropertyValueSpecification\",\"valueRequired\":true,\"valueName\":\"search_term_string\"}}],\"inLanguage\":\"en-US\"}]}<\/script>\n<!-- \/ Yoast SEO plugin. -->","yoast_head_json":{"title":"STORA SKUGGAN || Azalai || EdP - Parfums Uniques","description":"Perfumers\u2019 creations tell stories. The name, the bottle, often hand-painted in small manufactories. Shop different at Parfums Uniques.","robots":{"index":"index","follow":"follow","max-snippet":"max-snippet:-1","max-image-preview":"max-image-preview:large","max-video-preview":"max-video-preview:-1"},"canonical":"https:\/\/www.parfums-uniques.de\/en\/shop\/produkt\/stora-skuggan-azalai-edp\/","og_locale":"en_US","og_type":"article","og_title":"STORA SKUGGAN || Azalai || EdP - Parfums Uniques","og_description":"Perfumers\u2019 creations tell stories. The name, the bottle, often hand-painted in small manufactories. Shop different at Parfums Uniques.","og_url":"https:\/\/www.parfums-uniques.de\/en\/shop\/produkt\/stora-skuggan-azalai-edp\/","og_site_name":"Parfums Uniques","article_modified_time":"2025-10-16T10:13:54+00:00","og_image":[{"width":1020,"height":1361,"url":"https:\/\/www.parfums-uniques.de\/wp-content\/uploads\/2022\/12\/Azalai_4978.jpg","type":"image\/jpeg"}],"twitter_card":"summary_large_image","twitter_misc":{"Est. reading time":"1 minute"},"schema":{"@context":"https:\/\/schema.org","@graph":[{"@type":"WebPage","@id":"https:\/\/www.parfums-uniques.de\/en\/shop\/produkt\/stora-skuggan-azalai-edp\/","url":"https:\/\/www.parfums-uniques.de\/en\/shop\/produkt\/stora-skuggan-azalai-edp\/","name":"STORA SKUGGAN || Azalai || EdP - Parfums Uniques","isPartOf":{"@id":"https:\/\/www.parfums-uniques.de\/en\/#website"},"primaryImageOfPage":{"@id":"https:\/\/www.parfums-uniques.de\/en\/shop\/produkt\/stora-skuggan-azalai-edp\/#primaryimage"},"image":{"@id":"https:\/\/www.parfums-uniques.de\/en\/shop\/produkt\/stora-skuggan-azalai-edp\/#primaryimage"},"thumbnailUrl":"https:\/\/www.parfums-uniques.de\/wp-content\/uploads\/2022\/12\/Azalai_4978.jpg","datePublished":"2022-12-01T15:23:54+00:00","dateModified":"2025-10-16T10:13:54+00:00","description":"Perfumers\u2019 creations tell stories. The name, the bottle, often hand-painted in small manufactories. Shop different at Parfums Uniques.","breadcrumb":{"@id":"https:\/\/www.parfums-uniques.de\/en\/shop\/produkt\/stora-skuggan-azalai-edp\/#breadcrumb"},"inLanguage":"en-US","potentialAction":[{"@type":"ReadAction","target":["https:\/\/www.parfums-uniques.de\/en\/shop\/produkt\/stora-skuggan-azalai-edp\/"]}]},{"@type":"ImageObject","inLanguage":"en-US","@id":"https:\/\/www.parfums-uniques.de\/en\/shop\/produkt\/stora-skuggan-azalai-edp\/#primaryimage","url":"https:\/\/www.parfums-uniques.de\/wp-content\/uploads\/2022\/12\/Azalai_4978.jpg","contentUrl":"https:\/\/www.parfums-uniques.de\/wp-content\/uploads\/2022\/12\/Azalai_4978.jpg","width":1020,"height":1361},{"@type":"BreadcrumbList","@id":"https:\/\/www.parfums-uniques.de\/en\/shop\/produkt\/stora-skuggan-azalai-edp\/#breadcrumb","itemListElement":[{"@type":"ListItem","position":1,"name":"Home","item":"https:\/\/www.parfums-uniques.de\/en\/"},{"@type":"ListItem","position":2,"name":"Shop-WC-HOME","item":"https:\/\/www.parfums-uniques.de\/shop-wc-home\/"},{"@type":"ListItem","position":3,"name":"STORA SKUGGAN Azalai EdP"}]},{"@type":"WebSite","@id":"https:\/\/www.parfums-uniques.de\/en\/#website","url":"https:\/\/www.parfums-uniques.de\/en\/","name":"Parfums Uniques","description":"Dont&#039;t smell mainstream","potentialAction":[{"@type":"SearchAction","target":{"@type":"EntryPoint","urlTemplate":"https:\/\/www.parfums-uniques.de\/en\/?s={search_term_string}"},"query-input":{"@type":"PropertyValueSpecification","valueRequired":true,"valueName":"search_term_string"}}],"inLanguage":"en-US"}]}},"_links":{"self":[{"href":"https:\/\/www.parfums-uniques.de\/en\/wp-json\/wp\/v2\/product\/5935","targetHints":{"allow":["GET"]}}],"collection":[{"href":"https:\/\/www.parfums-uniques.de\/en\/wp-json\/wp\/v2\/product"}],"about":[{"href":"https:\/\/www.parfums-uniques.de\/en\/wp-json\/wp\/v2\/types\/product"}],"replies":[{"embeddable":true,"href":"https:\/\/www.parfums-uniques.de\/en\/wp-json\/wp\/v2\/comments?post=5935"}],"wp:featuredmedia":[{"embeddable":true,"href":"https:\/\/www.parfums-uniques.de\/en\/wp-json\/wp\/v2\/media\/5932"}],"wp:attachment":[{"href":"https:\/\/www.parfums-uniques.de\/en\/wp-json\/wp\/v2\/media?parent=5935"}],"wp:term":[{"taxonomy":"product_brand","embeddable":true,"href":"https:\/\/www.parfums-uniques.de\/en\/wp-json\/wp\/v2\/product_brand?post=5935"},{"taxonomy":"product_cat","embeddable":true,"href":"https:\/\/www.parfums-uniques.de\/en\/wp-json\/wp\/v2\/product_cat?post=5935"},{"taxonomy":"product_tag","embeddable":true,"href":"https:\/\/www.parfums-uniques.de\/en\/wp-json\/wp\/v2\/product_tag?post=5935"}],"curies":[{"name":"wp","href":"https:\/\/api.w.org\/{rel}","templated":true}]}}