{"id":2199,"date":"2020-04-06T11:14:31","date_gmt":"2020-04-06T09:14:31","guid":{"rendered":"http:\/\/localhost:8080\/versandarten\/"},"modified":"2024-05-08T14:31:14","modified_gmt":"2024-05-08T12:31:14","slug":"versandkosten","status":"publish","type":"page","link":"https:\/\/www.parfums-uniques.de\/shop\/versandkosten\/","title":{"rendered":"Versand"},"content":{"rendered":"<section class=\"l-section wpb_row height_medium\"><div class=\"l-section-h i-cf\"><div class=\"g-cols vc_row via_flex valign_top type_default stacking_default\"><div class=\"vc_col-sm-12 wpb_column vc_column_container\"><div class=\"vc_column-inner\"><div class=\"wpb_wrapper\"><div class=\"wpb_text_column\"><div class=\"wpb_wrapper\"><div>\n<div><\/div>\n<\/div>\n<h1><span style=\"color: #333333;\">Versandkosten<\/span><\/h1>\n<p><strong>Versandkosten und Lieferung:<br \/>\n<\/strong>Wir versenden ausschlie\u00dflich versicherte Pakete mit DHL (Deutsche Post).<br \/>\nDie Lieferungen werden an die von Ihnen angegebene Adresse versendet.<br \/>\nSie erhalten eine Versandbest\u00e4tigung und eine Tracking-Nummer per E-Mail.<br \/>\nVersand innerhalb von 1-3 Tagen.<\/p>\n<p style=\"font-weight: 400;\">Ab einem Bestellwert von 100 Euro \u00fcbernehmen wir innerhalb Deutschlands die Versandkosten f\u00fcr Sie,<br \/>\nansonsten betragen die Versandkosten 5 Euro.<\/p>\n<p>Au\u00dferhalb Deutschlands versenden wir nur in die EU:<br \/>\n15 Euro<br \/>\nAb einem Bestellwert von 250 Euro \u00fcbernehmen wir die Versandkosten f\u00fcr Sie.<\/p>\n<p><strong>Proben-Versand:<br \/>\n<\/strong>Deutschland: \u00a0\u00a0\u00a0\u00a0\u00a0\u00a0\u00a0\u00a0\u00a0\u00a0\u00a0\u00a0 5 Euro (versichert)<br \/>\nEU:\u00a0 \u00a0 \u00a0 \u00a0 \u00a0 \u00a0 \u00a0 \u00a0 \u00a0 \u00a0 \u00a0 \u00a0 \u00a0 \u00a0 \u00a015 Euro (versichert)<\/p>\n<\/div><\/div><\/div><\/div><\/div><\/div><\/div><\/section>\n","protected":false},"excerpt":{"rendered":"Versandkosten Versandkosten und Lieferung: Wir versenden ausschlie\u00dflich versicherte Pakete mit DHL (Deutsche Post). Die Lieferungen werden an die von Ihnen angegebene Adresse versendet. Sie erhalten eine Versandbest\u00e4tigung und eine Tracking-Nummer per E-Mail. Versand innerhalb von 1-3 Tagen. Ab einem Bestellwert von 100 Euro \u00fcbernehmen wir innerhalb Deutschlands die Versandkosten f\u00fcr Sie, ansonsten betragen die Versandkosten...","protected":false},"author":1,"featured_media":0,"parent":0,"menu_order":0,"comment_status":"closed","ping_status":"closed","template":"","meta":{"footnotes":""},"class_list":["post-2199","page","type-page","status-publish","hentry"],"yoast_head":"<!-- This site is optimized with the Yoast SEO plugin v26.9 - https:\/\/yoast.com\/product\/yoast-seo-wordpress\/ -->\n<title>Versand - Parfums Uniques<\/title>\n<meta name=\"robots\" content=\"index, follow, max-snippet:-1, max-image-preview:large, max-video-preview:-1\" \/>\n<link rel=\"canonical\" href=\"https:\/\/www.parfums-uniques.de\/shop\/versandkosten\/\" \/>\n<meta property=\"og:locale\" content=\"de_DE\" \/>\n<meta property=\"og:type\" content=\"article\" \/>\n<meta property=\"og:title\" content=\"Versand - Parfums Uniques\" \/>\n<meta property=\"og:url\" content=\"https:\/\/www.parfums-uniques.de\/shop\/versandkosten\/\" \/>\n<meta property=\"og:site_name\" content=\"Parfums Uniques\" \/>\n<meta property=\"article:modified_time\" content=\"2024-05-08T12:31:14+00:00\" \/>\n<meta name=\"twitter:card\" content=\"summary_large_image\" \/>\n<meta name=\"twitter:label1\" content=\"Gesch\u00e4tzte Lesezeit\" \/>\n\t<meta name=\"twitter:data1\" content=\"1\u00a0Minute\" \/>\n<script type=\"application\/ld+json\" class=\"yoast-schema-graph\">{\"@context\":\"https:\/\/schema.org\",\"@graph\":[{\"@type\":\"WebPage\",\"@id\":\"https:\/\/www.parfums-uniques.de\/shop\/versandkosten\/\",\"url\":\"https:\/\/www.parfums-uniques.de\/shop\/versandkosten\/\",\"name\":\"Versand - Parfums Uniques\",\"isPartOf\":{\"@id\":\"https:\/\/www.parfums-uniques.de\/shop\/#website\"},\"datePublished\":\"2020-04-06T09:14:31+00:00\",\"dateModified\":\"2024-05-08T12:31:14+00:00\",\"breadcrumb\":{\"@id\":\"https:\/\/www.parfums-uniques.de\/shop\/versandkosten\/#breadcrumb\"},\"inLanguage\":\"de\",\"potentialAction\":[{\"@type\":\"ReadAction\",\"target\":[\"https:\/\/www.parfums-uniques.de\/shop\/versandkosten\/\"]}]},{\"@type\":\"BreadcrumbList\",\"@id\":\"https:\/\/www.parfums-uniques.de\/shop\/versandkosten\/#breadcrumb\",\"itemListElement\":[{\"@type\":\"ListItem\",\"position\":1,\"name\":\"Home\",\"item\":\"https:\/\/www.parfums-uniques.de\/shop\/\"},{\"@type\":\"ListItem\",\"position\":2,\"name\":\"Versand\"}]},{\"@type\":\"WebSite\",\"@id\":\"https:\/\/www.parfums-uniques.de\/shop\/#website\",\"url\":\"https:\/\/www.parfums-uniques.de\/shop\/\",\"name\":\"Parfums Uniques\",\"description\":\"Dont&#039;t smell mainstream\",\"potentialAction\":[{\"@type\":\"SearchAction\",\"target\":{\"@type\":\"EntryPoint\",\"urlTemplate\":\"https:\/\/www.parfums-uniques.de\/shop\/?s={search_term_string}\"},\"query-input\":{\"@type\":\"PropertyValueSpecification\",\"valueRequired\":true,\"valueName\":\"search_term_string\"}}],\"inLanguage\":\"de\"}]}<\/script>\n<!-- \/ Yoast SEO plugin. -->","yoast_head_json":{"title":"Versand - Parfums Uniques","robots":{"index":"index","follow":"follow","max-snippet":"max-snippet:-1","max-image-preview":"max-image-preview:large","max-video-preview":"max-video-preview:-1"},"canonical":"https:\/\/www.parfums-uniques.de\/shop\/versandkosten\/","og_locale":"de_DE","og_type":"article","og_title":"Versand - Parfums Uniques","og_url":"https:\/\/www.parfums-uniques.de\/shop\/versandkosten\/","og_site_name":"Parfums Uniques","article_modified_time":"2024-05-08T12:31:14+00:00","twitter_card":"summary_large_image","twitter_misc":{"Gesch\u00e4tzte Lesezeit":"1\u00a0Minute"},"schema":{"@context":"https:\/\/schema.org","@graph":[{"@type":"WebPage","@id":"https:\/\/www.parfums-uniques.de\/shop\/versandkosten\/","url":"https:\/\/www.parfums-uniques.de\/shop\/versandkosten\/","name":"Versand - Parfums Uniques","isPartOf":{"@id":"https:\/\/www.parfums-uniques.de\/shop\/#website"},"datePublished":"2020-04-06T09:14:31+00:00","dateModified":"2024-05-08T12:31:14+00:00","breadcrumb":{"@id":"https:\/\/www.parfums-uniques.de\/shop\/versandkosten\/#breadcrumb"},"inLanguage":"de","potentialAction":[{"@type":"ReadAction","target":["https:\/\/www.parfums-uniques.de\/shop\/versandkosten\/"]}]},{"@type":"BreadcrumbList","@id":"https:\/\/www.parfums-uniques.de\/shop\/versandkosten\/#breadcrumb","itemListElement":[{"@type":"ListItem","position":1,"name":"Home","item":"https:\/\/www.parfums-uniques.de\/shop\/"},{"@type":"ListItem","position":2,"name":"Versand"}]},{"@type":"WebSite","@id":"https:\/\/www.parfums-uniques.de\/shop\/#website","url":"https:\/\/www.parfums-uniques.de\/shop\/","name":"Parfums Uniques","description":"Dont&#039;t smell mainstream","potentialAction":[{"@type":"SearchAction","target":{"@type":"EntryPoint","urlTemplate":"https:\/\/www.parfums-uniques.de\/shop\/?s={search_term_string}"},"query-input":{"@type":"PropertyValueSpecification","valueRequired":true,"valueName":"search_term_string"}}],"inLanguage":"de"}]}},"_links":{"self":[{"href":"https:\/\/www.parfums-uniques.de\/shop\/wp-json\/wp\/v2\/pages\/2199","targetHints":{"allow":["GET"]}}],"collection":[{"href":"https:\/\/www.parfums-uniques.de\/shop\/wp-json\/wp\/v2\/pages"}],"about":[{"href":"https:\/\/www.parfums-uniques.de\/shop\/wp-json\/wp\/v2\/types\/page"}],"author":[{"embeddable":true,"href":"https:\/\/www.parfums-uniques.de\/shop\/wp-json\/wp\/v2\/users\/1"}],"replies":[{"embeddable":true,"href":"https:\/\/www.parfums-uniques.de\/shop\/wp-json\/wp\/v2\/comments?post=2199"}],"version-history":[{"count":35,"href":"https:\/\/www.parfums-uniques.de\/shop\/wp-json\/wp\/v2\/pages\/2199\/revisions"}],"predecessor-version":[{"id":6976,"href":"https:\/\/www.parfums-uniques.de\/shop\/wp-json\/wp\/v2\/pages\/2199\/revisions\/6976"}],"wp:attachment":[{"href":"https:\/\/www.parfums-uniques.de\/shop\/wp-json\/wp\/v2\/media?parent=2199"}],"curies":[{"name":"wp","href":"https:\/\/api.w.org\/{rel}","templated":true}]}}