{"id":2200,"date":"2020-04-06T11:14:31","date_gmt":"2020-04-06T09:14:31","guid":{"rendered":"http:\/\/localhost:8080\/bezahlmoeglichkeiten\/"},"modified":"2020-11-26T16:20:13","modified_gmt":"2020-11-26T15:20:13","slug":"bezahlmoeglichkeiten","status":"publish","type":"page","link":"https:\/\/www.parfums-uniques.de\/shop\/bezahlmoeglichkeiten\/","title":{"rendered":"Zahlungsarten"},"content":{"rendered":"<section class=\"l-section wpb_row height_medium\"><div class=\"l-section-h i-cf\"><div class=\"g-cols vc_row via_flex valign_top type_default stacking_default\"><div class=\"vc_col-sm-12 wpb_column vc_column_container\"><div class=\"vc_column-inner\"><div class=\"wpb_wrapper\"><div class=\"wpb_text_column\"><div class=\"wpb_wrapper\"><h1>Zahlungsarten<\/h1>\n<p><strong>Vorkasse: <\/strong><\/p>\n<p>Wenn Sie sich f\u00fcr Bezahlung durch Vorkasse entscheiden, erhalten Sie nach dem Absenden der Bestellung eine Best\u00e4tigung per E-Mail mit unseren Bankdaten. Achten Sie bei der \u00dcberweisung bitte darauf, im Verwendungszweck Ihre Bestellnummer anzugeben, nur so ist uns die Zuordnung Ihrer Zahlung m\u00f6glich. Sobald diese auf unserem Bankkonto eingegangen ist, wird Ihre Lieferung versendet. Beachten Sie bitte, dass es je nach Kreditinstitut 2\u20134 Werktage dauern kann, bis Ihre Zahlung unserem Konto gutgeschrieben wird. Sollten wir innerhalb von 10 Werktagen keine Zahlung erhalten, werden wir die Bestellung stornieren<\/p>\n<p>Unsere Bankverbindung:<br \/>\nEva Bogner<br \/>\nStadtsparkasse M\u00fcnchen<br \/>\nIBAN DE87 7015 0000 1004 7274 16<br \/>\nBIC SSKMDEMMXXX<\/p>\n<p>Bei \u00dcberweisungen aus dem Ausland achten Sie bitte darauf, dass Sie die Transferkosten der Bank mit einkalkulieren und somit der gesamte Rechnungsbetrag auf unserem Konto gutgeschrieben wird. Bitte haben Sie Verst\u00e4ndnis daf\u00fcr, dass diese Geb\u00fchren f\u00fcr Bank\u00fcberweisungen aus dem Ausland nicht von uns getragen werden k\u00f6nnen.<\/p>\n<p><strong>PayPal:<\/strong><\/p>\n<p>Sie k\u00f6nnen auch einfach und schnell per PayPal bezahlen. Am Ende des Bestellvorgangs werden Sie direkt zu PayPal weitergeleitet. Sollten Sie schon PayPal-Kunde sein, k\u00f6nnen Sie sich mit Ihren Benutzerdaten anmelden und die Zahlung best\u00e4tigen. Wenn Sie neu bei PayPal sind, haben sie die M\u00f6glichkeit, sich als Gast anmelden oder sie er\u00f6ffnen ein PayPal-Konto.<\/p>\n<p>Sobald der Zahlungseingang bei uns verbucht ist, wird Ihre Bestellung versendet.<\/p>\n<p>Bitte beachten Sie, dass wir auf Bearbeitungsfehler seitens PayPal keinerlei Einfluss haben.<\/p>\n<p><strong>Kreditkarte, Lastschrift mit PayPal Plus <\/strong><\/p>\n<p>\u00dcber PayPal Plus k\u00f6nnen Sie auch sicher per Kreditkarte oder Bankeinzug bezahlen.<\/p>\n<p>Sie werden im Laufe des Bestellprozesses zur Eingabe Ihrer Daten auf das System von PayPal Plus weitergeleitet. Die gesamte Kommunikation erfolgt selbstverst\u00e4ndlich verschl\u00fcsselt.<\/p>\n<p>Die Belastung Ihres Kontos erfolgt mit Abschluss der Bestellung. Sie ben\u00f6tigen f\u00fcr die Zahlung mit Kreditkarte oder Bankeinzug via PayPal Plus keinen bestehenden Account bei PayPal.<\/p>\n<\/div><\/div><\/div><\/div><\/div><\/div><\/div><\/section>\n","protected":false},"excerpt":{"rendered":"Zahlungsarten Vorkasse: Wenn Sie sich f\u00fcr Bezahlung durch Vorkasse entscheiden, erhalten Sie nach dem Absenden der Bestellung eine Best\u00e4tigung per E-Mail mit unseren Bankdaten. Achten Sie bei der \u00dcberweisung bitte darauf, im Verwendungszweck Ihre Bestellnummer anzugeben, nur so ist uns die Zuordnung Ihrer Zahlung m\u00f6glich. Sobald diese auf unserem Bankkonto eingegangen ist, wird Ihre Lieferung...","protected":false},"author":1,"featured_media":0,"parent":0,"menu_order":0,"comment_status":"closed","ping_status":"closed","template":"","meta":{"footnotes":""},"class_list":["post-2200","page","type-page","status-publish","hentry"],"yoast_head":"<!-- This site is optimized with the Yoast SEO plugin v26.9 - https:\/\/yoast.com\/product\/yoast-seo-wordpress\/ -->\n<title>Zahlungsarten - Parfums Uniques<\/title>\n<meta name=\"robots\" content=\"index, follow, max-snippet:-1, max-image-preview:large, max-video-preview:-1\" \/>\n<link rel=\"canonical\" href=\"https:\/\/www.parfums-uniques.de\/shop\/bezahlmoeglichkeiten\/\" \/>\n<meta property=\"og:locale\" content=\"de_DE\" \/>\n<meta property=\"og:type\" content=\"article\" \/>\n<meta property=\"og:title\" content=\"Zahlungsarten - Parfums Uniques\" \/>\n<meta property=\"og:url\" content=\"https:\/\/www.parfums-uniques.de\/shop\/bezahlmoeglichkeiten\/\" \/>\n<meta property=\"og:site_name\" content=\"Parfums Uniques\" \/>\n<meta property=\"article:modified_time\" content=\"2020-11-26T15:20:13+00:00\" \/>\n<meta name=\"twitter:card\" content=\"summary_large_image\" \/>\n<meta name=\"twitter:label1\" content=\"Gesch\u00e4tzte Lesezeit\" \/>\n\t<meta name=\"twitter:data1\" content=\"2\u00a0Minuten\" \/>\n<script type=\"application\/ld+json\" class=\"yoast-schema-graph\">{\"@context\":\"https:\/\/schema.org\",\"@graph\":[{\"@type\":\"WebPage\",\"@id\":\"https:\/\/www.parfums-uniques.de\/shop\/bezahlmoeglichkeiten\/\",\"url\":\"https:\/\/www.parfums-uniques.de\/shop\/bezahlmoeglichkeiten\/\",\"name\":\"Zahlungsarten - Parfums Uniques\",\"isPartOf\":{\"@id\":\"https:\/\/www.parfums-uniques.de\/shop\/#website\"},\"datePublished\":\"2020-04-06T09:14:31+00:00\",\"dateModified\":\"2020-11-26T15:20:13+00:00\",\"breadcrumb\":{\"@id\":\"https:\/\/www.parfums-uniques.de\/shop\/bezahlmoeglichkeiten\/#breadcrumb\"},\"inLanguage\":\"de\",\"potentialAction\":[{\"@type\":\"ReadAction\",\"target\":[\"https:\/\/www.parfums-uniques.de\/shop\/bezahlmoeglichkeiten\/\"]}]},{\"@type\":\"BreadcrumbList\",\"@id\":\"https:\/\/www.parfums-uniques.de\/shop\/bezahlmoeglichkeiten\/#breadcrumb\",\"itemListElement\":[{\"@type\":\"ListItem\",\"position\":1,\"name\":\"Home\",\"item\":\"https:\/\/www.parfums-uniques.de\/shop\/\"},{\"@type\":\"ListItem\",\"position\":2,\"name\":\"Zahlungsarten\"}]},{\"@type\":\"WebSite\",\"@id\":\"https:\/\/www.parfums-uniques.de\/shop\/#website\",\"url\":\"https:\/\/www.parfums-uniques.de\/shop\/\",\"name\":\"Parfums Uniques\",\"description\":\"Dont&#039;t smell mainstream\",\"potentialAction\":[{\"@type\":\"SearchAction\",\"target\":{\"@type\":\"EntryPoint\",\"urlTemplate\":\"https:\/\/www.parfums-uniques.de\/shop\/?s={search_term_string}\"},\"query-input\":{\"@type\":\"PropertyValueSpecification\",\"valueRequired\":true,\"valueName\":\"search_term_string\"}}],\"inLanguage\":\"de\"}]}<\/script>\n<!-- \/ Yoast SEO plugin. -->","yoast_head_json":{"title":"Zahlungsarten - Parfums Uniques","robots":{"index":"index","follow":"follow","max-snippet":"max-snippet:-1","max-image-preview":"max-image-preview:large","max-video-preview":"max-video-preview:-1"},"canonical":"https:\/\/www.parfums-uniques.de\/shop\/bezahlmoeglichkeiten\/","og_locale":"de_DE","og_type":"article","og_title":"Zahlungsarten - Parfums Uniques","og_url":"https:\/\/www.parfums-uniques.de\/shop\/bezahlmoeglichkeiten\/","og_site_name":"Parfums Uniques","article_modified_time":"2020-11-26T15:20:13+00:00","twitter_card":"summary_large_image","twitter_misc":{"Gesch\u00e4tzte Lesezeit":"2\u00a0Minuten"},"schema":{"@context":"https:\/\/schema.org","@graph":[{"@type":"WebPage","@id":"https:\/\/www.parfums-uniques.de\/shop\/bezahlmoeglichkeiten\/","url":"https:\/\/www.parfums-uniques.de\/shop\/bezahlmoeglichkeiten\/","name":"Zahlungsarten - Parfums Uniques","isPartOf":{"@id":"https:\/\/www.parfums-uniques.de\/shop\/#website"},"datePublished":"2020-04-06T09:14:31+00:00","dateModified":"2020-11-26T15:20:13+00:00","breadcrumb":{"@id":"https:\/\/www.parfums-uniques.de\/shop\/bezahlmoeglichkeiten\/#breadcrumb"},"inLanguage":"de","potentialAction":[{"@type":"ReadAction","target":["https:\/\/www.parfums-uniques.de\/shop\/bezahlmoeglichkeiten\/"]}]},{"@type":"BreadcrumbList","@id":"https:\/\/www.parfums-uniques.de\/shop\/bezahlmoeglichkeiten\/#breadcrumb","itemListElement":[{"@type":"ListItem","position":1,"name":"Home","item":"https:\/\/www.parfums-uniques.de\/shop\/"},{"@type":"ListItem","position":2,"name":"Zahlungsarten"}]},{"@type":"WebSite","@id":"https:\/\/www.parfums-uniques.de\/shop\/#website","url":"https:\/\/www.parfums-uniques.de\/shop\/","name":"Parfums Uniques","description":"Dont&#039;t smell mainstream","potentialAction":[{"@type":"SearchAction","target":{"@type":"EntryPoint","urlTemplate":"https:\/\/www.parfums-uniques.de\/shop\/?s={search_term_string}"},"query-input":{"@type":"PropertyValueSpecification","valueRequired":true,"valueName":"search_term_string"}}],"inLanguage":"de"}]}},"_links":{"self":[{"href":"https:\/\/www.parfums-uniques.de\/shop\/wp-json\/wp\/v2\/pages\/2200","targetHints":{"allow":["GET"]}}],"collection":[{"href":"https:\/\/www.parfums-uniques.de\/shop\/wp-json\/wp\/v2\/pages"}],"about":[{"href":"https:\/\/www.parfums-uniques.de\/shop\/wp-json\/wp\/v2\/types\/page"}],"author":[{"embeddable":true,"href":"https:\/\/www.parfums-uniques.de\/shop\/wp-json\/wp\/v2\/users\/1"}],"replies":[{"embeddable":true,"href":"https:\/\/www.parfums-uniques.de\/shop\/wp-json\/wp\/v2\/comments?post=2200"}],"version-history":[{"count":9,"href":"https:\/\/www.parfums-uniques.de\/shop\/wp-json\/wp\/v2\/pages\/2200\/revisions"}],"predecessor-version":[{"id":8291,"href":"https:\/\/www.parfums-uniques.de\/shop\/wp-json\/wp\/v2\/pages\/2200\/revisions\/8291"}],"wp:attachment":[{"href":"https:\/\/www.parfums-uniques.de\/shop\/wp-json\/wp\/v2\/media?parent=2200"}],"curies":[{"name":"wp","href":"https:\/\/api.w.org\/{rel}","templated":true}]}}